{"id":6,"date":"2025-10-31T14:15:27","date_gmt":"2025-10-31T14:15:27","guid":{"rendered":"https:\/\/gradinita-cu-minuni.ro\/?page_id=6"},"modified":"2025-11-03T12:58:02","modified_gmt":"2025-11-03T12:58:02","slug":"gradinita-casuta-cu-minuni","status":"publish","type":"page","link":"https:\/\/gradinita-cu-minuni.ro\/","title":{"rendered":"Gr\u0103dini\u021ba C\u0103su\u021ba Cu Minuni"},"content":{"rendered":"\n<figure class=\"wp-block-image alignfull size-full tw-mb-0\"><img decoding=\"async\" src=\"https:\/\/gradinita-cu-minuni.ro\/wp-content\/uploads\/2025\/10\/gradinita-casuta-cu-minuni-sector-6-bucuresti.webp\" alt=\"\" class=\"wp-image-18\"\/><\/figure>\n\n\n\n<div class=\"wp-block-group alignfull has-background tw-bottom-shape-wave\" style=\"border-style:none;border-width:0px;background-color:#bdc20094;padding-top:var(--wp--preset--spacing--40);padding-bottom:var(--wp--preset--spacing--40)\"><div class=\"wp-block-group__inner-container is-layout-constrained wp-block-group-is-layout-constrained\">\n<div class=\"wp-block-columns alignfull are-vertically-aligned-center tw-mt-0 is-style-default has-text-color has-link-color has-large-font-size wp-elements-f89ad2886700ff80ef297bc3fd7445b3 is-layout-flex wp-container-core-columns-is-layout-d0b3c9c8 wp-block-columns-is-layout-flex\" style=\"color:#001fcc;font-style:normal;font-weight:600\">\n<div class=\"wp-block-column is-vertically-aligned-center is-layout-flow wp-block-column-is-layout-flow\" style=\"--col-width:40%;padding-top:0;padding-right:0;padding-bottom:0;padding-left:0;flex-basis:40%\">\n<p class=\"has-text-align-center has-large-font-size\">\u00b7 Mediu sigur, modern \u0219i prietenos<\/p>\n\n\n\n<p class=\"has-text-align-center has-large-font-size\">\u00b7 Cadre didactice cu experien\u021b\u0103 \u0219i pasiune<\/p>\n<\/div>\n\n\n\n<div class=\"wp-block-column is-vertically-aligned-center is-layout-flow wp-block-column-is-layout-flow\" style=\"--col-width:30%;padding-top:0;padding-right:0;padding-bottom:0;padding-left:0;flex-basis:30%\">\n<p class=\"has-text-align-center has-large-font-size\">\u00b7 Mese echilibrate, g\u0103tite zilnic<\/p>\n\n\n\n<p class=\"has-text-align-center has-large-font-size\">\u00b7 Activit\u0103\u021bi educative \u0219i interactive<\/p>\n<\/div>\n\n\n\n<div class=\"wp-block-column is-vertically-aligned-center is-layout-flow wp-block-column-is-layout-flow\" style=\"--col-width:30%;padding-top:0;padding-right:0;padding-bottom:0;padding-left:0;flex-basis:30%\">\n<p class=\"has-text-align-center has-large-font-size\">\u00b7 Ateliere creative<\/p>\n\n\n\n<p class=\"has-text-align-center has-large-font-size\">\u00b7 S\u0103li colorate \u0219i luminoase<\/p>\n<\/div>\n<\/div>\n<\/div><\/div>\n\n\n\n<div style=\"height:20px\" aria-hidden=\"true\" class=\"wp-block-spacer tw-lg-hidden\"><\/div>\n\n\n\n<h2 class=\"wp-block-heading has-text-align-center has-h-3-font-size\">Gr\u0103dini\u021ba C\u0103su\u021ba cu Minuni<\/h2>\n\n\n\n<p class=\"has-text-align-center has-medium-font-size\" style=\"font-style:normal;font-weight:600\">Bine a\u021bi venit \u00een C\u0103su\u021ba cu Minuni, locul unde copiii sunt \u00eenconjura\u021bi de dragoste, \u00eencredere \u0219i voie bun\u0103!<br><\/p>\n\n\n\n<div class=\"wp-block-group alignwide\"><div class=\"wp-block-group__inner-container is-layout-constrained wp-block-group-is-layout-constrained\">\n<div class=\"wp-block-columns alignfull are-vertically-aligned-center is-layout-flex wp-container-core-columns-is-layout-d0b3c9c8 wp-block-columns-is-layout-flex\">\n<div class=\"wp-block-column is-vertically-aligned-center is-layout-flow wp-block-column-is-layout-flow\">\n<p class=\"has-text-align-center has-border-color tw-block-animation tw-animation-fade-in\" style=\"border-color:#85da24;border-width:3px;border-radius:18px;padding-top:var(--wp--preset--spacing--20);padding-right:var(--wp--preset--spacing--20);padding-bottom:var(--wp--preset--spacing--20);padding-left:var(--wp--preset--spacing--20);font-style:normal;font-weight:600\">\u00cempreun\u0103 cre\u0103m minuni care dureaz\u0103 o via\u021b\u0103.<\/p>\n\n\n\n<p class=\"has-text-align-center has-border-color tw-block-animation tw-animation-fade-in-up\" style=\"border-color:#85da24;border-width:3px;border-radius:18px;padding-top:var(--wp--preset--spacing--20);padding-right:var(--wp--preset--spacing--20);padding-bottom:var(--wp--preset--spacing--20);padding-left:var(--wp--preset--spacing--20);font-style:normal;font-weight:600\">\u00cenv\u0103\u021b\u0103m cu inim\u0103, vis\u0103m cu suflet \u0219i z\u00e2mbim cu drag.<\/p>\n\n\n\n<p class=\"has-text-align-center has-border-color tw-block-animation tw-animation-scale-in tw-duration-4\" style=\"border-color:#85da24;border-width:3px;border-radius:18px;padding-top:var(--wp--preset--spacing--20);padding-right:var(--wp--preset--spacing--20);padding-bottom:var(--wp--preset--spacing--20);padding-left:var(--wp--preset--spacing--20);font-style:normal;font-weight:600\">Unde \u00eenv\u0103\u021barea e o aventur\u0103 \u0219i joaca e o lec\u021bie.<\/p>\n<\/div>\n\n\n\n<div class=\"wp-block-column is-vertically-aligned-center is-layout-flow wp-block-column-is-layout-flow\">\n<figure class=\"wp-block-image size-full\"><img decoding=\"async\" src=\"https:\/\/gradinita-cu-minuni.ro\/wp-content\/uploads\/2025\/10\/cropped-Gradinita-Casuta-cu-Minuni-sector-6-Bucuresti.png\" alt=\"\" class=\"wp-image-16\"\/><\/figure>\n<\/div>\n\n\n\n<div class=\"wp-block-column is-vertically-aligned-center is-layout-flow wp-block-column-is-layout-flow\">\n<p class=\"has-text-align-center has-border-color tw-block-animation tw-animation-fade-in\" style=\"border-color:#85da24;border-width:3px;border-radius:18px;padding-top:var(--wp--preset--spacing--20);padding-right:var(--wp--preset--spacing--20);padding-bottom:var(--wp--preset--spacing--20);padding-left:var(--wp--preset--spacing--20);font-style:normal;font-weight:600\">Aici cresc inimioare curioase \u0219i min\u021bi sclipitoare.<\/p>\n\n\n\n<p class=\"has-text-align-center has-border-color tw-block-animation tw-animation-fade-in-up\" style=\"border-color:#85da24;border-width:3px;border-radius:18px;padding-top:var(--wp--preset--spacing--20);padding-right:var(--wp--preset--spacing--20);padding-bottom:var(--wp--preset--spacing--20);padding-left:var(--wp--preset--spacing--20);font-style:normal;font-weight:600\">La C\u0103su\u021ba cu Minuni, fiecare zi e o poveste!<\/p>\n\n\n\n<p class=\"has-text-align-center has-border-color tw-block-animation tw-animation-scale-in tw-duration-4\" style=\"border-color:#85da24;border-width:3px;border-radius:18px;padding-top:var(--wp--preset--spacing--20);padding-right:var(--wp--preset--spacing--20);padding-bottom:var(--wp--preset--spacing--20);padding-left:var(--wp--preset--spacing--20);font-style:normal;font-weight:600\">Aici, timpul se opre\u0219te \u0219i copil\u0103ria danseaz\u0103.<\/p>\n<\/div>\n<\/div>\n<\/div><\/div>\n\n\n\n<div class=\"wp-block-group alignfull is-style-default has-background\" id=\"activitati\" style=\"background:radial-gradient(rgba(248,236,217,0.31) 39%,rgba(123,194,0,0.34) 100%)\"><div class=\"wp-block-group__inner-container is-layout-constrained wp-block-group-is-layout-constrained\">\n<h3 class=\"wp-block-heading has-text-align-center\">Activit\u0103\u021bi \u0219i Op\u021bionale<\/h3>\n\n\n\n<div class=\"wp-block-columns alignwide has-large-font-size is-layout-flex wp-container-core-columns-is-layout-d0b3c9c8 wp-block-columns-is-layout-flex\" style=\"font-style:normal;font-weight:600\">\n<div class=\"wp-block-column is-vertically-aligned-center is-layout-flow wp-block-column-is-layout-flow\">\n<p class=\"has-text-align-center\">\ud83c\uddec\ud83c\udde7 Limba englez\u0103<\/p>\n\n\n\n<p class=\"has-text-align-center\">\ud83c\uddea\ud83c\uddf8 Limba spaniol\u0103<\/p>\n<\/div>\n\n\n\n<div class=\"wp-block-column is-vertically-aligned-center is-layout-flow wp-block-column-is-layout-flow\">\n<p class=\"has-text-align-center\">\ud83d\udc83 Dansuri<\/p>\n\n\n\n<p class=\"has-text-align-center\">\ud83c\udfad Teatru<\/p>\n<\/div>\n\n\n\n<div class=\"wp-block-column is-vertically-aligned-center is-layout-flow wp-block-column-is-layout-flow\">\n<p class=\"has-text-align-center\">\u2697\ufe0f \u0218tiin\u021b\u0103<\/p>\n\n\n\n<p class=\"has-text-align-center\">\ud83c\udfa8 Arte<\/p>\n<\/div>\n<\/div>\n<\/div><\/div>\n\n\n\n<div id=\"contact\" class=\"wp-block-group\"><div class=\"wp-block-group__inner-container is-layout-constrained wp-block-group-is-layout-constrained\">\n<h3 class=\"wp-block-heading has-text-align-center\">Contact<\/h3>\n\n\n\n<p class=\"has-text-align-center has-large-font-size\">\ud83d\udcde 0756 036 040<\/p>\n\n\n\n<p class=\"has-text-align-center has-large-font-size\">\ud83d\udccd Str. Tineretului, nr. 20, Chiajna<br>La 800m de Militari Shopping<\/p>\n<\/div><\/div>\n\n\n\n<div class=\"wp-block-contact-form-7-contact-form-selector\">\n<div class=\"wpcf7 no-js\" id=\"wpcf7-f43-o1\" lang=\"ro-RO\" dir=\"ltr\" data-wpcf7-id=\"43\">\n<div class=\"screen-reader-response\"><p role=\"status\" aria-live=\"polite\" aria-atomic=\"true\"><\/p> <ul><\/ul><\/div>\n<form action=\"\/index.php?rest_route=%2Fwp%2Fv2%2Fpages%2F6#wpcf7-f43-o1\" method=\"post\" class=\"wpcf7-form init\" aria-label=\"Formular de contact\" novalidate=\"novalidate\" data-status=\"init\">\n<fieldset class=\"hidden-fields-container\"><input type=\"hidden\" name=\"_wpcf7\" value=\"43\" \/><input type=\"hidden\" name=\"_wpcf7_version\" value=\"6.1.5\" \/><input type=\"hidden\" name=\"_wpcf7_locale\" value=\"ro_RO\" \/><input type=\"hidden\" name=\"_wpcf7_unit_tag\" value=\"wpcf7-f43-o1\" \/><input type=\"hidden\" name=\"_wpcf7_container_post\" value=\"0\" \/><input type=\"hidden\" name=\"_wpcf7_posted_data_hash\" value=\"\" \/>\n<\/fieldset>\n<div class=\"formWrapper\">\n\t<p><span class=\"wpcf7-form-control-wrap\" data-name=\"your-name\"><input size=\"40\" maxlength=\"400\" class=\"wpcf7-form-control wpcf7-text wpcf7-validates-as-required\" aria-required=\"true\" aria-invalid=\"false\" placeholder=\"Nume\" value=\"\" type=\"text\" name=\"your-name\" \/><\/span>\n\t<\/p>\n\t<p><span class=\"wpcf7-form-control-wrap\" data-name=\"tel-11\"><input size=\"40\" maxlength=\"13\" minlength=\"10\" class=\"wpcf7-form-control wpcf7-tel wpcf7-validates-as-required wpcf7-text wpcf7-validates-as-tel\" aria-required=\"true\" aria-invalid=\"false\" placeholder=\"Telefon\" value=\"\" type=\"tel\" name=\"tel-11\" \/><\/span>\n\t<\/p>\n\t<p><span class=\"wpcf7-form-control-wrap\" data-name=\"your-email\"><input size=\"40\" maxlength=\"400\" class=\"wpcf7-form-control wpcf7-email wpcf7-text wpcf7-validates-as-email\" aria-invalid=\"false\" placeholder=\"Email (op\u021bional)\" value=\"\" type=\"email\" name=\"your-email\" \/><\/span>\n\t<\/p>\n\t<p><span class=\"wpcf7-form-control-wrap\" data-name=\"your-message\"><textarea cols=\"40\" rows=\"10\" maxlength=\"2000\" class=\"wpcf7-form-control wpcf7-textarea wpcf7-validates-as-required\" aria-required=\"true\" aria-invalid=\"false\" placeholder=\"Mesaj\" name=\"your-message\"><\/textarea><\/span>\n\t<\/p>\n\t<p><span class=\"wpcf7-form-control-wrap\" data-name=\"acceptance-266\"><span class=\"wpcf7-form-control wpcf7-acceptance\"><span class=\"wpcf7-list-item\"><label><input type=\"checkbox\" name=\"acceptance-266\" value=\"1\" aria-invalid=\"false\" \/><span class=\"wpcf7-list-item-label\">Sunt de acord cu prelucrarea datelor de mai sus \u00een scopul primirii unei oferte.<\/span><\/label><\/span><\/span><\/span><br \/>\n<input class=\"wpcf7-form-control wpcf7-submit has-spinner\" type=\"submit\" value=\"Trimite\" \/>\n\t<\/p>\n<\/div><div class=\"wpcf7-response-output\" aria-hidden=\"true\"><\/div>\n<\/form>\n<\/div>\n<\/div>\n","protected":false},"excerpt":{"rendered":"<p>\u00b7 Mediu sigur, modern \u0219i prietenos \u00b7 Cadre didactice cu experien\u021b\u0103 \u0219i pasiune \u00b7 Mese echilibrate, g\u0103tite zilnic \u00b7 Activit\u0103\u021bi educative \u0219i interactive \u00b7 Ateliere creative \u00b7 S\u0103li colorate \u0219i luminoase Gr\u0103dini\u021ba C\u0103su\u021ba cu Minuni Bine a\u021bi venit \u00een C\u0103su\u021ba cu Minuni, locul unde copiii sunt \u00eenconjura\u021bi de dragoste, \u00eencredere \u0219i voie bun\u0103! \u00cempreun\u0103 cre\u0103m&hellip; <a class=\"more-link\" href=\"https:\/\/gradinita-cu-minuni.ro\/\">Continu\u0103 lectura <span class=\"screen-reader-text\">Gr\u0103dini\u021ba C\u0103su\u021ba Cu Minuni<\/span><\/a><\/p>\n","protected":false},"author":1,"featured_media":0,"parent":0,"menu_order":0,"comment_status":"closed","ping_status":"closed","template":"","meta":{"footnotes":""},"class_list":["post-6","page","type-page","status-publish","hentry","entry"],"_links":{"self":[{"href":"https:\/\/gradinita-cu-minuni.ro\/index.php?rest_route=\/wp\/v2\/pages\/6","targetHints":{"allow":["GET"]}}],"collection":[{"href":"https:\/\/gradinita-cu-minuni.ro\/index.php?rest_route=\/wp\/v2\/pages"}],"about":[{"href":"https:\/\/gradinita-cu-minuni.ro\/index.php?rest_route=\/wp\/v2\/types\/page"}],"author":[{"embeddable":true,"href":"https:\/\/gradinita-cu-minuni.ro\/index.php?rest_route=\/wp\/v2\/users\/1"}],"replies":[{"embeddable":true,"href":"https:\/\/gradinita-cu-minuni.ro\/index.php?rest_route=%2Fwp%2Fv2%2Fcomments&post=6"}],"version-history":[{"count":2,"href":"https:\/\/gradinita-cu-minuni.ro\/index.php?rest_route=\/wp\/v2\/pages\/6\/revisions"}],"predecessor-version":[{"id":47,"href":"https:\/\/gradinita-cu-minuni.ro\/index.php?rest_route=\/wp\/v2\/pages\/6\/revisions\/47"}],"wp:attachment":[{"href":"https:\/\/gradinita-cu-minuni.ro\/index.php?rest_route=%2Fwp%2Fv2%2Fmedia&parent=6"}],"curies":[{"name":"wp","href":"https:\/\/api.w.org\/{rel}","templated":true}]}}